{"id":147,"date":"2018-08-08T13:42:58","date_gmt":"2018-08-08T13:42:58","guid":{"rendered":"http:\/\/solstice.is\/?page_id=147"},"modified":"2021-10-09T16:53:58","modified_gmt":"2021-10-09T16:53:58","slug":"aqua-sapphire","status":"publish","type":"page","link":"https:\/\/solstice.is\/?page_id=147","title":{"rendered":"Aqua Sapphire"},"content":{"rendered":"\t\t<div data-elementor-type=\"wp-page\" data-elementor-id=\"147\" class=\"elementor elementor-147\" data-elementor-post-type=\"page\">\n\t\t\t\t\t\t<section class=\"elementor-section elementor-top-section elementor-element elementor-element-7ad26923 elementor-section-boxed elementor-section-height-default elementor-section-height-default\" data-id=\"7ad26923\" data-element_type=\"section\" data-e-type=\"section\">\n\t\t\t\t\t\t<div class=\"elementor-container elementor-column-gap-default\">\n\t\t\t\t\t<div class=\"elementor-column elementor-col-100 elementor-top-column elementor-element elementor-element-353ac1c7\" data-id=\"353ac1c7\" data-element_type=\"column\" data-e-type=\"column\">\n\t\t\t<div class=\"elementor-widget-wrap elementor-element-populated\">\n\t\t\t\t\t\t<div class=\"elementor-element elementor-element-7cabf7af elementor-widget elementor-widget-text-editor\" data-id=\"7cabf7af\" data-element_type=\"widget\" data-e-type=\"widget\" data-widget_type=\"text-editor.default\">\n\t\t\t\t<div class=\"elementor-widget-container\">\n\t\t\t\t\t\t\t\t\t<p style=\"caret-color: #333333; font-family: -apple-system, BlinkMacSystemFont, 'Segoe UI', Roboto, 'Helvetica Neue', Arial, 'Noto Sans', sans-serif; text-size-adjust: auto;\">This tour includes all the attractions in the Golden Circle Tour, the most popular tour from Reykjavik. In addition you experience the unique landscape of \u00dej\u00f3rs\u00e1rdalur and get a close view of Mt. Hekla, Iceland\u2019s most active volcano.<\/p><p style=\"caret-color: #333333; font-family: -apple-system, BlinkMacSystemFont, 'Segoe UI', Roboto, 'Helvetica Neue', Arial, 'Noto Sans', sans-serif; text-size-adjust: auto;\">First we head east the main road and then we turn north towards the highlands. We drive past the Mt. Hekla and to \u00dej\u00f3rs\u00e1rdalur valley. There we stop to see many of the most beautiful and best known waterfalls in Iceland, Urri\u00f0afoss, \u00dej\u00f3fafoss, H\u00e1ifoss, Hj\u00e1laparfoss and many smaller waterfalls at Gj\u00e1in.<\/p><p style=\"caret-color: #333333; font-family: -apple-system, BlinkMacSystemFont, 'Segoe UI', Roboto, 'Helvetica Neue', Arial, 'Noto Sans', sans-serif; text-size-adjust: auto;\">From \u00dej\u00f3rs\u00e1rdalur the route of the Golden Circle is only stone throw away. As we are already in the highlands of Iceland, we take the Golden Circle in opposite direction. Therefore we avoid the rush of visitors around noon at Iceland\u2019s most visited attractions.<\/p><p style=\"caret-color: #333333; font-family: -apple-system, BlinkMacSystemFont, 'Segoe UI', Roboto, 'Helvetica Neue', Arial, 'Noto Sans', sans-serif; text-size-adjust: auto;\">First we visit Gullfoss, then Geysir and finally we head to Thingvellir on our way back to Reykjavik.<\/p>\t\t\t\t\t\t\t\t<\/div>\n\t\t\t\t<\/div>\n\t\t\t\t\t<\/div>\n\t\t<\/div>\n\t\t\t\t\t<\/div>\n\t\t<\/section>\n\t\t\t\t<\/div>\n\t\t","protected":false},"excerpt":{"rendered":"<p>This tour includes all the attractions in the Golden Circle Tour, the most popular tour from Reykjavik. In addition you experience the unique landscape of \u00dej\u00f3rs\u00e1rdalur and get a close view of Mt. Hekla, Iceland\u2019s most active volcano. First we head east the main road and then we turn north towards the highlands. We drive [&hellip;]<\/p>\n","protected":false},"author":1,"featured_media":0,"parent":0,"menu_order":0,"comment_status":"closed","ping_status":"closed","template":"","meta":{"footnotes":""},"class_list":["post-147","page","type-page","status-publish","hentry"],"_links":{"self":[{"href":"https:\/\/solstice.is\/index.php?rest_route=\/wp\/v2\/pages\/147","targetHints":{"allow":["GET"]}}],"collection":[{"href":"https:\/\/solstice.is\/index.php?rest_route=\/wp\/v2\/pages"}],"about":[{"href":"https:\/\/solstice.is\/index.php?rest_route=\/wp\/v2\/types\/page"}],"author":[{"embeddable":true,"href":"https:\/\/solstice.is\/index.php?rest_route=\/wp\/v2\/users\/1"}],"replies":[{"embeddable":true,"href":"https:\/\/solstice.is\/index.php?rest_route=%2Fwp%2Fv2%2Fcomments&post=147"}],"version-history":[{"count":7,"href":"https:\/\/solstice.is\/index.php?rest_route=\/wp\/v2\/pages\/147\/revisions"}],"predecessor-version":[{"id":1267,"href":"https:\/\/solstice.is\/index.php?rest_route=\/wp\/v2\/pages\/147\/revisions\/1267"}],"wp:attachment":[{"href":"https:\/\/solstice.is\/index.php?rest_route=%2Fwp%2Fv2%2Fmedia&parent=147"}],"curies":[{"name":"wp","href":"https:\/\/api.w.org\/{rel}","templated":true}]}}